{"id":12393,"date":"2018-06-26T15:13:09","date_gmt":"2018-06-26T15:13:09","guid":{"rendered":"https:\/\/welcome2.meetmaps.com\/politica-de-cookies\/"},"modified":"2021-09-14T14:45:26","modified_gmt":"2021-09-14T14:45:26","slug":"politica-de-cookies","status":"publish","type":"page","link":"https:\/\/welcome.meetmaps.com\/en\/politica-de-cookies\/","title":{"rendered":"Pol\u00edtica de cookies"},"content":{"rendered":"<p>[et_pb_section fb_built=&#8221;1&#8243; _builder_version=&#8221;3.22&#8243; custom_padding=&#8221;100px|0px|100px|0px|false|false&#8221; global_colors_info=&#8221;{}&#8221;][et_pb_row admin_label=&#8221;Right Sided Image&#8221; _builder_version=&#8221;3.25&#8243; custom_padding=&#8221;0|0px|60px|0px|false|false&#8221; locked=&#8221;off&#8221; global_colors_info=&#8221;{}&#8221;][et_pb_column type=&#8221;4_4&#8243; _builder_version=&#8221;3.25&#8243; custom_padding=&#8221;|||&#8221; global_colors_info=&#8221;{}&#8221; custom_padding__hover=&#8221;|||&#8221;][et_pb_text _builder_version=&#8221;4.10.7&#8243; text_text_color=&#8221;#959baf&#8221; text_font_size=&#8221;18px&#8221; text_line_height=&#8221;1.8em&#8221; header_text_align=&#8221;left&#8221; header_2_font=&#8221;Nunito Sans|700|||||||&#8221; header_2_text_color=&#8221;#535b7c&#8221; header_2_font_size=&#8221;35px&#8221; header_2_line_height=&#8221;1.3em&#8221; max_width=&#8221;700px&#8221; module_alignment=&#8221;center&#8221; global_colors_info=&#8221;{}&#8221;]<\/p>\n<h1 style=\"text-align: center;\"><strong>Pol\u00edtica de cookies<\/strong><\/h1>\n<p><a href=\"http:\/\/www.meetmaps.com\u00a0\"><br \/>Ww.meetmaps.com<\/a>\u00a0puede recopilar informaci\u00f3n sobre los h\u00e1bitos de b\u00fasqueda de los usuarios del website por medio de cookies o archivos de registro. No se utilizar\u00e1n las cookies para recoger informaci\u00f3n de car\u00e1cter personal. Solamente se instalar\u00e1n si el Usuario permanece y contin\u00faa navegando en https:\/\/meetmaps.com\/ (o en cualquiera de sus secciones), entendiendo que consiente su uso e instalaci\u00f3n.<\/p>\n<div>A continuaci\u00f3n, proporcionamos informaci\u00f3n detallada sobre qu\u00e9 es una cookie, para qu\u00e9 sirve, qu\u00e9 tipos de cookies utilizamos, cu\u00e1les son sus finalidades y c\u00f3mo puede configurarlas o deshabilitarlas si as\u00ed lo desea.<\/div>\n<div><\/div>\n<h4><b><br \/>I \u2013 \u00bfQu\u00e9 es una cookie y para qu\u00e9 sirve?<\/b><\/h4>\n<div>Una \u201cCookie\u201d es un peque\u00f1o archivo que se almacena en el ordenador del usuario, tablet, smartphone o cualquier otro dispositivo con informaci\u00f3n sobre la navegaci\u00f3n.<\/div>\n<div>El conjunto de \u201ccookies\u201d de todos nuestros usuarios nos ayuda a mejorar la calidad de nuestra web, permiti\u00e9ndonos controlar qu\u00e9 p\u00e1ginas son \u00fatiles, cu\u00e1les no y cu\u00e1les son susceptibles de mejora. Las cookies son esenciales para el funcionamiento de Internet, aportando innumerables ventajas en la prestaci\u00f3n de servicios interactivos, facilit\u00e1ndole la navegaci\u00f3n y usabilidad de nuestro website.<\/div>\n<div>En ning\u00fan caso las cookies podr\u00edan da\u00f1ar su equipo. Por contra, el que est\u00e9n activas nos ayuda a identificar y resolver los errores.<\/div>\n<div><\/div>\n<div><\/div>\n<div><\/div>\n<h4><b><\/b><\/h4>\n<h4><b><\/b><\/h4>\n<h4><b><br \/>II \u2013 \u00bfQu\u00e9 tipos de cookies utilizamos<\/b><\/h4>\n<div>\n<p>Seg\u00fan la entidad que la gestiona:<\/p>\n<\/div>\n<div class=\"tab\">\n<div style=\"padding-left: 30px;\"><b>Cookies propias:<\/b>\u00a0Son aquellas que se env\u00edan a su equipo desde nuestros propios equipos o dominios y desde el que prestamos el servicio que nos solicita.<\/div>\n<div style=\"padding-left: 30px;\"><b>Cookies de terceros:<\/b>\u00a0Son aquellas que se env\u00edan a su equipo desde un equipo o dominio que no es gestionado por nosotros, sino por otra entidad colaboradora. Como por ejemplo, las usadas por redes sociales, o por contenido externo como Google Analytics.<\/div>\n<div style=\"padding-left: 30px;\"><\/div>\n<\/div>\n<div>\n<p>&nbsp;<\/p>\n<p>Seg\u00fan el plazo de tiempo que permanecen activadas:<\/p>\n<\/div>\n<div class=\"tab\">\n<div style=\"padding-left: 30px;\"><b>Cookies de sesi\u00f3n:<\/b>\u00a0Son cookies temporales que permanecen en el archivo de cookies de su navegador hasta que el Usuario abandona la p\u00e1gina web, por lo que ninguna queda registrada en el disco duro de su ordenador. La informaci\u00f3n obtenida por medio de estas cookies, sirven para analizar pautas de tr\u00e1fico en el website. A la larga, esto nos permite proporcionar una mejor experiencia para mejorar el contenido y facilitar su uso.<\/div>\n<div style=\"padding-left: 30px;\"><b>Cookies persistentes:<\/b>\u00a0son almacenadas en el disco duro y nuestra web las lee cada vez que el Usuario realiza una nueva visita. Una cookie permanente posee una fecha de expiraci\u00f3n determinada. La cookie dejar\u00e1 de funcionar despu\u00e9s de esa fecha. Estas cookies las utilizamos, generalmente, para facilitar los servicios de compra y registro.<\/div>\n<div><\/div>\n<\/div>\n<div>\n<p>&nbsp;<\/p>\n<p>Seg\u00fan su finalidad:<\/p>\n<\/div>\n<div class=\"tab\">\n<div style=\"padding-left: 30px;\"><b>Cookies t\u00e9cnicas:<\/b>\u00a0Son aquellas necesarias para la navegaci\u00f3n y el buen funcionamiento de nuestro website. Permiten por ejemplo, controlar el tr\u00e1fico y la comunicaci\u00f3n de datos, acceder a partes de acceso restringido, realizar el proceso de compra de un pedido, utilizar elementos de seguridad, almacenar contenidos para poder difundir v\u00eddeos o compartir contenidos a trav\u00e9s de redes sociales.<\/div>\n<div style=\"padding-left: 30px;\"><\/div>\n<div style=\"padding-left: 30px;\"><b><\/b><\/div>\n<div style=\"padding-left: 30px;\"><b><\/b><\/div>\n<div style=\"padding-left: 30px;\"><b><\/b><\/div>\n<div style=\"padding-left: 30px;\"><b><\/b><\/div>\n<div style=\"padding-left: 30px;\"><b><\/b><\/div>\n<div style=\"padding-left: 30px;\"><b><\/b><\/div>\n<div style=\"padding-left: 30px;\"><b><\/b><\/div>\n<div style=\"padding-left: 30px;\"><b>Cookies de personalizaci\u00f3n:<\/b>\u00a0Son aqu\u00e9llas que permiten al Usuario acceder al servicio con unas caracter\u00edsticas predefinidas en funci\u00f3n de una serie de criterios, como por ejemplo el idioma, el tipo de navegador a trav\u00e9s del cual se accede al servicio, la configuraci\u00f3n regional desde donde se accede al servicio, etc.<\/div>\n<div style=\"padding-left: 30px;\"><b>Cookies de an\u00e1lisis:<\/b>\u00a0Son aqu\u00e9llas que nos permiten cuantificar el n\u00famero de usuarios y as\u00ed realizar la medici\u00f3n y an\u00e1lisis estad\u00edstico de la utilizaci\u00f3n que hacen los usuarios de los servicios prestados. Para ello se analiza su navegaci\u00f3n en nuestro website con el fin de mejorar la oferta de productos y servicios que ofrecemos.<\/div>\n<div style=\"padding-left: 30px;\"><b>Cookies publicitarias:<\/b>\u00a0Son aqu\u00e9llas que permiten la gesti\u00f3n, de la forma m\u00e1s eficaz posible, de los espacios publicitarios que se pudieran incluir en nuestro website.<\/div>\n<div style=\"padding-left: 30px;\"><b>Cookies de publicidad comportamental:<\/b>\u00a0Estas cookies almacenan informaci\u00f3n del comportamiento de los usuarios obtenida a trav\u00e9s de la observaci\u00f3n continuada. Gracias a ellas, podr\u00edamos conocer los h\u00e1bitos de navegaci\u00f3n en Internet y mostrarle publicidad relacionada con su perfil de navegaci\u00f3n.<\/div>\n<div style=\"padding-left: 30px;\"><\/div>\n<div style=\"padding-left: 30px;\"><\/div>\n<div style=\"padding-left: 30px;\"><\/div>\n<div style=\"padding-left: 30px;\"><\/div>\n<div style=\"padding-left: 30px;\"><\/div>\n<div style=\"padding-left: 30px;\"><\/div>\n<div style=\"padding-left: 30px;\"><\/div>\n<div style=\"padding-left: 30px;\"><\/div>\n<div style=\"padding-left: 30px;\"><\/div>\n<\/div>\n<h4><b><\/b><\/h4>\n<h4><b><\/b><\/h4>\n<h4><b><\/b><\/h4>\n<h4><b>III \u2013 Finalidad de cada una de las cookies utilizadas<\/b><\/h4>\n<div>\n<p>A continuaci\u00f3n detallamos las cookies utilizadas en nuestra web y el proveedor al que pertenecen. Cookies propias son las que pertenecen a nuestro dominio y cookies de terceros son las que pertenecen a otros dominios seg\u00fan la tabla siguiente:<\/p>\n<\/div>\n<div><\/div>\n<div>\n<p><strong><\/strong><\/p>\n<p><strong><\/strong><\/p>\n<p><strong>Google Analytics y Google + Platform<\/strong><\/p>\n<p>El Sitio Web utiliza Google Analytics, un servicio anal\u00edtico web prestado por Google, Inc. (en adelante, \u201cGoogle\u201d), una empresa ubicada en los Estados Unidos. Por tanto, los datos recogidos y tratados por Google Analytics (incluyendo la direcci\u00f3n IP del Usuario) podr\u00e1n ser transferidos a Estados Unidos y almacenados en los servidores de Google ubicados en dicho pa\u00eds.<\/p>\n<p>Por medio de las cookies de Google Analytics, PGR analiza la interacci\u00f3n del Usuario con el Sitio Web, hace seguimiento de los h\u00e1bitos de navegaci\u00f3n del mismo dentro de la misma, recoge datos de su actividad para que PGR pueda medir el rendimiento de \u00e9sta y controla la interacci\u00f3n del Usuario con los widgets sociales dentro del mismo.<\/p>\n<p>El Usuario puede gestionar y bloquear el tratamiento de sus datos de car\u00e1cter personal a trav\u00e9s de Google Analytics mediante la configuraci\u00f3n del navegador usado para acceder al Sitio Web.<\/p>\n<p>El Usuario puede ampliar la informaci\u00f3n aqu\u00ed contenida sobre Google Analytics en\u00a0<span>\u00a0<\/span><a href=\"https:\/\/www.google.com\/analytics\/learn\/privacy.html?hl=es\">https:\/\/www.google.com\/analytics\/learn\/privacy.html?hl=es<\/a><\/p>\n<p>Por otro lado, el Usuario puede desactivar Google Analytics mediante la instalaci\u00f3n de un complemento de inhabilitaci\u00f3n. El Usuario puede obtener m\u00e1s informaci\u00f3n sobre dicho complemento en<span>\u00a0<\/span><a href=\"https:\/\/tools.google.com\/dlpage\/gaoptout?hl=es\">https:\/\/tools.google.com\/dlpage\/gaoptout?hl=es<\/a><\/p>\n<p><strong><\/strong><\/p>\n<p><strong>Hubspot<\/strong><\/p>\n<p>El Sitio Web tambi\u00e9n utiliza Hubspot Forms, un servicio titularidad de Hubspot, Inc. cuya finalidad es controlar la identidad de un Usuario y la interacci\u00f3n realizada por este en el Sitio Web.<\/p>\n<p>En este sentido, los datos personales recogidos y tratados por Hubspot Forms podr\u00e1n ser transferidos a los Estados Unidos y almacenados en los servidores de Hubspot, Inc. ubicados en dicho pa\u00eds.<\/p>\n<p>El Usuario puede ampliar la informaci\u00f3n (en ingl\u00e9s) aqu\u00ed contenida sobre Hubspot Forms y acceder a la pol\u00edtica de privacidad de Hubspot, Inc. haciendo clic<span>\u00a0<\/span><a href=\"https:\/\/legal.hubspot.com\/privacy-policy?_ga=2.55883816.223249656.1517842573-5518883.1517842573\">https:\/\/legal.hubspot.com\/privacy-policy<\/a><\/p>\n<p>&nbsp;<\/p>\n<p><strong>IV \u00bfC\u00f3mo puede el Usuario configurar o deshabilitar las cookies?<\/strong><\/p>\n<p><strong><\/strong><\/p>\n<\/div>\n<div>Puede permitir, bloquear o eliminar las cookies instaladas mediante la configuraci\u00f3n de las opciones de su navegador de Internet. En caso de que no permita la instalaci\u00f3n de cookies en su navegador es posible que no pueda acceder a algunos de los servicios y que su experiencia pueda resultar menos satisfactoria.<\/div>\n<div class=\"tab\">\n<div><\/div>\n<div style=\"padding-left: 30px;\"><b>Firefox:<\/b>\u00a0<a href=\"http:\/\/support.mozilla.org\/es\/kb\/habilitar-y-deshabilitar-cookies-que-los-sitios-we\">http:\/\/support.mozilla.org\/es\/kb\/habilitar-y-deshabilitar-cookies-que-los-sitios-we<\/a><\/div>\n<div style=\"padding-left: 30px;\"><b>Chrome:<\/b>\u00a0<a href=\"http:\/\/support.google.com\/chrome\/bin\/answer.py?hl=es&amp;answer=95647\">http:\/\/support.google.com\/chrome\/bin\/answer.py?hl=es&amp;answer=95647<\/a><\/div>\n<div style=\"padding-left: 30px;\"><b>Explorer:<\/b>\u00a0<a href=\"http:\/\/windows.microsoft.com\/es-es\/windows7\/how-to-manage-cookies-in-internet-explorer-9\">http:\/\/windows.microsoft.com\/es-es\/windows7\/how-to-manage-cookies-in-internet-explorer-9<\/a><\/div>\n<div style=\"padding-left: 30px;\"><b>Safari:<\/b>\u00a0<a href=\"http:\/\/support.apple.com\/kb\/ph5042\">http:\/\/support.apple.com\/kb\/ph5042<\/a><\/div>\n<div style=\"padding-left: 30px;\"><b>Opera:<\/b>\u00a0<a href=\"http:\/\/help.opera.com\/Windows\/11.50\/es-ES\/cookies.html\">http:\/\/help.opera.com\/Windows\/11.50\/es-ES\/cookies.html<\/a><\/div>\n<div style=\"padding-left: 30px;\"><b>Otros navegadores:<\/b>\u00a0consulte la documentaci\u00f3n del navegador que tenga instalado.<\/div>\n<\/div>\n<p>[\/et_pb_text][\/et_pb_column][\/et_pb_row][\/et_pb_section]<\/p>\n","protected":false},"excerpt":{"rendered":"<p>Pol\u00edtica de cookies Ww.meetmaps.com\u00a0puede recopilar informaci\u00f3n sobre los h\u00e1bitos de b\u00fasqueda de los usuarios del website por medio de cookies o archivos de registro. No se utilizar\u00e1n las cookies para recoger informaci\u00f3n de car\u00e1cter personal. Solamente se instalar\u00e1n si el Usuario permanece y contin\u00faa navegando en https:\/\/meetmaps.com\/ (o en cualquiera de sus secciones), entendiendo que [&hellip;]<\/p>\n","protected":false},"author":1,"featured_media":0,"parent":0,"menu_order":0,"comment_status":"closed","ping_status":"closed","template":"","meta":{"_et_pb_use_builder":"on","_et_pb_old_content":"","_et_gb_content_width":"","content-type":""},"_links":{"self":[{"href":"https:\/\/welcome.meetmaps.com\/en\/wp-json\/wp\/v2\/pages\/12393"}],"collection":[{"href":"https:\/\/welcome.meetmaps.com\/en\/wp-json\/wp\/v2\/pages"}],"about":[{"href":"https:\/\/welcome.meetmaps.com\/en\/wp-json\/wp\/v2\/types\/page"}],"author":[{"embeddable":true,"href":"https:\/\/welcome.meetmaps.com\/en\/wp-json\/wp\/v2\/users\/1"}],"replies":[{"embeddable":true,"href":"https:\/\/welcome.meetmaps.com\/en\/wp-json\/wp\/v2\/comments?post=12393"}],"version-history":[{"count":1,"href":"https:\/\/welcome.meetmaps.com\/en\/wp-json\/wp\/v2\/pages\/12393\/revisions"}],"predecessor-version":[{"id":12394,"href":"https:\/\/welcome.meetmaps.com\/en\/wp-json\/wp\/v2\/pages\/12393\/revisions\/12394"}],"wp:attachment":[{"href":"https:\/\/welcome.meetmaps.com\/en\/wp-json\/wp\/v2\/media?parent=12393"}],"curies":[{"name":"wp","href":"https:\/\/api.w.org\/{rel}","templated":true}]}}